{"id":1830,"date":"2025-03-19T07:26:51","date_gmt":"2025-03-19T12:26:51","guid":{"rendered":"https:\/\/biblioteca.utc.edu.ec\/?page_id=1830"},"modified":"2026-02-18T08:36:58","modified_gmt":"2026-02-18T13:36:58","slug":"pagina-de-prueba","status":"publish","type":"page","link":"https:\/\/biblioteca.utc.edu.ec\/?page_id=1830","title":{"rendered":"Herramientas"},"content":{"rendered":"\n<p>Si deseas ver primeramente las <a href=\"https:\/\/biblioteca.utc.edu.ec\/?page_id=2853\" data-type=\"page\" data-id=\"2853\">Bibliogu\u00edas<\/a> que te pueden ayudar a trabajar con las siguientes herramientas:<\/p>\n\n\n\n<div class=\"wp-block-essential-blocks-feature-list  root-eb-feature-list-tz7pk\"><div class=\"eb-parent-wrapper eb-parent-eb-feature-list-tz7pk \"><div class=\"eb-feature-list-tz7pk eb-feature-list-wrapper eb-icon-position-left eb-tablet-icon-position-left eb-mobile-icon-position-left eb-feature-list-left\"><ul class=\"eb-feature-list-items circle framed\"><li class=\"eb-feature-list-item\" data-new-tab=\"false\" data-icon-type=\"icon\" data-icon=\"fab fa-autoprefixer\" data-icon-color=\"rgba(255,255,255,1)\" data-icon-background-color=\"rgba(21,82,144,1)\" data-link=\"https:\/\/biblioteca.utc.edu.ec\/?page_id=2641\"><div class=\"eb-feature-list-icon-box\"><div class=\"eb-feature-list-icon-inner\"><span class=\"eb-feature-list-icon\" style=\"color:rgba(255,255,255,1);background-color:rgba(21,82,144,1)\"><i icon=\"fab fa-autoprefixer\" class=\"fab fa-autoprefixer \"><\/i><\/span><\/div><\/div><div class=\"eb-feature-list-content-box\"><h3 class=\"eb-feature-list-title\"><a href=\"https:\/\/biblioteca.utc.edu.ec\/?page_id=2641\" target=\"_self\" rel=\"noopener\">Herramienta para Generar Citas Bibliogr\u00e1ficas<\/a><\/h3><p class=\"eb-feature-list-content\">Genera referencias en m\u00faltiples estilos acad\u00e9micos (APA, MLA, IEEE, etc.) de forma autom\u00e1tica y precisa. Ideal para trabajos de investigaci\u00f3n, informes y publicaciones. Permite exportar en formato RIS para Zotero, Mendeley y otros gestores.<\/p><\/div><\/li><li class=\"eb-feature-list-item\" data-new-tab=\"false\" data-icon-type=\"icon\" data-icon=\"far fa-file-lines\" data-icon-color=\"\" data-icon-background-color=\"rgba(21,82,144,1)\" data-link=\"https:\/\/biblioteca.utc.edu.ec\/?page_id=2721\"><div class=\"eb-feature-list-icon-box\"><div class=\"eb-feature-list-icon-inner\"><span class=\"eb-feature-list-icon\" style=\"color:;background-color:rgba(21,82,144,1)\"><i icon=\"far fa-file-lines\" class=\"far fa-file-lines \"><\/i><\/span><\/div><\/div><div class=\"eb-feature-list-content-box\"><h3 class=\"eb-feature-list-title\"><a href=\"https:\/\/biblioteca.utc.edu.ec\/?page_id=2721\" target=\"_self\" rel=\"noopener\">Herramienta de An\u00e1lisis de Archivos RIS (Research Information Systems)<\/a><\/h3><p class=\"eb-feature-list-content\">Analiza archivos RIS para visualizar, organizar y validar referencias bibliogr\u00e1ficas. Ideal para revisar metadatos, detectar errores y gestionar citas exportadas desde gestores como Zotero, Mendeley o EndNote.<\/p><\/div><\/li><li class=\"eb-feature-list-item\" data-new-tab=\"false\" data-icon-type=\"icon\" data-icon=\"fas fa-user-graduate\" data-icon-color=\"\" data-icon-background-color=\"rgba(21,82,144,1)\" data-link=\"https:\/\/biblioteca.utc.edu.ec\/?page_id=2748\"><div class=\"eb-feature-list-icon-box\"><div class=\"eb-feature-list-icon-inner\"><span class=\"eb-feature-list-icon\" style=\"color:;background-color:rgba(21,82,144,1)\"><i icon=\"fas fa-user-graduate\" class=\"fas fa-user-graduate \"><\/i><\/span><\/div><\/div><div class=\"eb-feature-list-content-box\"><h3 class=\"eb-feature-list-title\"><a href=\"https:\/\/biblioteca.utc.edu.ec\/?page_id=2748\" target=\"_self\" rel=\"noopener\">Herramienta de An\u00e1lisis de Autores por ID de Google Acad\u00e9mico<\/a><\/h3><p class=\"eb-feature-list-content\">Permite extraer y visualizar m\u00e9tricas e informaci\u00f3n bibliogr\u00e1fica de autores a partir de su ID de Google Acad\u00e9mico. Ideal para evaluar impacto acad\u00e9mico, productividad investigativa y redes de colaboraci\u00f3n.<\/p><\/div><\/li><li class=\"eb-feature-list-item\" data-new-tab=\"false\" data-icon-type=\"icon\" data-icon=\"fas fa-paragraph\" data-icon-color=\"\" data-icon-background-color=\"rgba(21,82,144,1)\" data-link=\"https:\/\/biblioteca.utc.edu.ec\/?page_id=2822\"><div class=\"eb-feature-list-icon-box\"><div class=\"eb-feature-list-icon-inner\"><span class=\"eb-feature-list-icon\" style=\"color:;background-color:rgba(21,82,144,1)\"><i icon=\"fas fa-paragraph\" class=\"fas fa-paragraph \"><\/i><\/span><\/div><\/div><div class=\"eb-feature-list-content-box\"><h3 class=\"eb-feature-list-title\"><a href=\"https:\/\/biblioteca.utc.edu.ec\/?page_id=2822\" target=\"_self\" rel=\"noopener\">Analizador de formato BibTeX (.bib)<\/a><\/h3><p class=\"eb-feature-list-content\">El Analizador de formato BibTeX (.bib) es una herramienta web que procesa archivos bibliogr\u00e1ficos para generar de forma autom\u00e1tica res\u00famenes, gr\u00e1ficos y tablas que permiten visualizar autores, tipos de documentos, palabras clave y tendencias de publicaci\u00f3n en el tiempo.<\/p><\/div><\/li><li class=\"eb-feature-list-item\" data-new-tab=\"false\" data-icon-type=\"icon\" data-icon=\"fas fa-chart-gantt\" data-icon-color=\"\" data-icon-background-color=\"rgba(21,82,144,1)\" data-link=\"https:\/\/biblioteca.utc.edu.ec\/wp-content\/uploads\/2026\/02\/cosechador.html\"><div class=\"eb-feature-list-icon-box\"><div class=\"eb-feature-list-icon-inner\"><span class=\"eb-feature-list-icon\" style=\"color:;background-color:rgba(21,82,144,1)\"><i icon=\"fas fa-chart-gantt\" class=\"fas fa-chart-gantt \"><\/i><\/span><\/div><\/div><div class=\"eb-feature-list-content-box\"><h3 class=\"eb-feature-list-title\"><a href=\"https:\/\/biblioteca.utc.edu.ec\/wp-content\/uploads\/2026\/02\/cosechador.html\" target=\"_self\" rel=\"noopener\">OAI-PMH Network Visualizer<\/a><\/h3><p class=\"eb-feature-list-content\">Su funci\u00f3n principal es recolectar, almacenar y reutilizar informaci\u00f3n bibliogr\u00e1fica (t\u00edtulos, autores, palabras clave, fechas, etc.) para integrar cat\u00e1logos, repositorios o servicios de b\u00fasqueda, garantizando la interoperabilidad entre sistemas de informaci\u00f3n.<\/p><\/div><\/li><\/ul><\/div><\/div><\/div>\n\n\n\n<p><\/p>\n","protected":false},"excerpt":{"rendered":"<p>Si deseas ver primeramente las Bibliogu\u00edas que te pueden ayudar a trabajar con las siguientes herramientas:<\/p>\n","protected":false},"author":1,"featured_media":0,"parent":0,"menu_order":0,"comment_status":"closed","ping_status":"closed","template":"","meta":{"_eb_attr":"","site-sidebar-layout":"default","site-content-layout":"","ast-site-content-layout":"","site-content-style":"default","site-sidebar-style":"default","ast-global-header-display":"","ast-banner-title-visibility":"","ast-main-header-display":"","ast-hfb-above-header-display":"","ast-hfb-below-header-display":"","ast-hfb-mobile-header-display":"","site-post-title":"","ast-breadcrumbs-content":"","ast-featured-img":"","footer-sml-layout":"","theme-transparent-header-meta":"","adv-header-id-meta":"","stick-header-meta":"","header-above-stick-meta":"","header-main-stick-meta":"","header-below-stick-meta":"","astra-migrate-meta-layouts":"default","ast-page-background-enabled":"default","ast-page-background-meta":{"desktop":{"background-color":"var(--ast-global-color-4)","background-image":"","background-repeat":"repeat","background-position":"center center","background-size":"auto","background-attachment":"scroll","background-type":"","background-media":"","overlay-type":"","overlay-color":"","overlay-opacity":"","overlay-gradient":""},"tablet":{"background-color":"","background-image":"","background-repeat":"repeat","background-position":"center center","background-size":"auto","background-attachment":"scroll","background-type":"","background-media":"","overlay-type":"","overlay-color":"","overlay-opacity":"","overlay-gradient":""},"mobile":{"background-color":"","background-image":"","background-repeat":"repeat","background-position":"center center","background-size":"auto","background-attachment":"scroll","background-type":"","background-media":"","overlay-type":"","overlay-color":"","overlay-opacity":"","overlay-gradient":""}},"ast-content-background-meta":{"desktop":{"background-color":"var(--ast-global-color-5)","background-image":"","background-repeat":"repeat","background-position":"center center","background-size":"auto","background-attachment":"scroll","background-type":"","background-media":"","overlay-type":"","overlay-color":"","overlay-opacity":"","overlay-gradient":""},"tablet":{"background-color":"var(--ast-global-color-5)","background-image":"","background-repeat":"repeat","background-position":"center center","background-size":"auto","background-attachment":"scroll","background-type":"","background-media":"","overlay-type":"","overlay-color":"","overlay-opacity":"","overlay-gradient":""},"mobile":{"background-color":"var(--ast-global-color-5)","background-image":"","background-repeat":"repeat","background-position":"center center","background-size":"auto","background-attachment":"scroll","background-type":"","background-media":"","overlay-type":"","overlay-color":"","overlay-opacity":"","overlay-gradient":""}},"footnotes":""},"class_list":["post-1830","page","type-page","status-publish","hentry"],"_links":{"self":[{"href":"https:\/\/biblioteca.utc.edu.ec\/index.php?rest_route=\/wp\/v2\/pages\/1830","targetHints":{"allow":["GET"]}}],"collection":[{"href":"https:\/\/biblioteca.utc.edu.ec\/index.php?rest_route=\/wp\/v2\/pages"}],"about":[{"href":"https:\/\/biblioteca.utc.edu.ec\/index.php?rest_route=\/wp\/v2\/types\/page"}],"author":[{"embeddable":true,"href":"https:\/\/biblioteca.utc.edu.ec\/index.php?rest_route=\/wp\/v2\/users\/1"}],"replies":[{"embeddable":true,"href":"https:\/\/biblioteca.utc.edu.ec\/index.php?rest_route=%2Fwp%2Fv2%2Fcomments&post=1830"}],"version-history":[{"count":69,"href":"https:\/\/biblioteca.utc.edu.ec\/index.php?rest_route=\/wp\/v2\/pages\/1830\/revisions"}],"predecessor-version":[{"id":3150,"href":"https:\/\/biblioteca.utc.edu.ec\/index.php?rest_route=\/wp\/v2\/pages\/1830\/revisions\/3150"}],"wp:attachment":[{"href":"https:\/\/biblioteca.utc.edu.ec\/index.php?rest_route=%2Fwp%2Fv2%2Fmedia&parent=1830"}],"curies":[{"name":"wp","href":"https:\/\/api.w.org\/{rel}","templated":true}]}}